{"id":30851,"date":"2024-05-18T16:36:36","date_gmt":"2024-05-18T14:36:36","guid":{"rendered":"http:\/\/ambientecultura.it\/?page_id=30851"},"modified":"2024-05-18T16:36:40","modified_gmt":"2024-05-18T14:36:40","slug":"the-st-joseph-pilgrims-way","status":"publish","type":"page","link":"http:\/\/ambientecultura.it\/en\/the-st-joseph-pilgrims-way\/","title":{"rendered":"The St. Joseph Pilgrims&#8217; Way"},"content":{"rendered":"\n<p>The <strong>Pilgrims&#8217; Way Map<\/strong> was created within the project <strong>Pilgrims&#8217; Way. Between theatre, ancient paths and new trekking<\/strong>. The project was completed in 2024 on the occasion of the celebrations of the 25 years of activity of the <strong>San Giuseppe Cultural Center<\/strong>, the secular body that has managed the spaces of the <strong>Church of San Giuseppe in Alba <\/strong>since 1999. <\/p>\n\n\n\n<p>In fact, the splendid baroque church, home to the <strong>Company of Pilgrims of St. Joseph <\/strong>and built by them starting from 1643, was abandoned to neglect and decay at the end of the twentieth century, after the extinction of the <strong>Confraternity of San Giuseppe<\/strong>, but was recovered between 1996 and 2001 by <strong>Proteggere Insieme<\/strong>, civil protection specialized in safeguarding cultural heritage, and since then it has been a very active cultural center that offers hospitality and collaboration to other associations, including the <strong>Ambiente &amp; Cultura <\/strong>association which carried out the project.<\/p>\n\n\n\n<p>The activities were carried out thanks to the indispensable contribution of the <strong>Cassa di Risparmio di Cuneo Foundation<\/strong>, within the <em>Cultural Heritage and Sustainable Tourism<\/em> call, to the support of the Friends of the Via dei Pellegrini and to the proceeds of the guided tours of the project <strong>Underground Alba. The past lies under your feet!.<\/strong><\/p>\n\n\n\n<p><\/p>\n\n\n\n<figure class=\"wp-block-image\"><img decoding=\"async\" src=\"http:\/\/www.turismoinlanga.it\/wp-content\/uploads\/2016\/02\/san_giuseppe_4.jpg\" alt=\"\" \/><\/figure>\n\n\n\n<p>The <strong>Pilgrims&#8217; Way <\/strong>has a main route of <strong>80.5 km <\/strong>from the Church of San Giuseppe in Alba to the Regina Montis Regalis Sanctuary in Vicoforte Mondov\u00ec.<\/p>\n\n\n\n<p>The town of Vicoforte is also the birthplace of San Teobaldo Roggeri, the pilgrim saint and co-patron saint of the city of Alba.<\/p>\n\n\n\n<p>It is a <strong>linear E level trail (Hiking)<\/strong>.<\/p>\n\n\n\n<p><strong>Four optional branches<\/strong> branch off from the main route: to Spiaggia dei Cristalli in Verduno; to the Novello Castle and the panoramic point on Monviso; to the Giant Bench #1 in Clavesana; to the Sanctuary of Mellea in Farigliano).<\/p>\n\n\n\n<p>The <strong>Pilgrims&#8217; Way <\/strong>crosses 13 municipalities: Alba, Verduno, Roddi, La Morra, Novello, Monforte, Dogliani, Farigliano, Clavesana, Bastia Mondov\u00ec, Niella Tanaro, Briaglia Mondov\u00ec and Vicoforte Mondov\u00ec.<\/p>\n\n\n\n<p>The proposed trekking itinerary crosses the inhabited centers of the municipalities mentioned, so walkers every two or three hours of walking have the possibility of finding essential services and the possibility of refreshment and staying overnight.<\/p>\n\n\n\n<p><\/p>\n\n\n\n<p><strong>THE AUDIO GUIDE AND THE GPX TRACK<\/strong><\/p>\n\n\n\n<p>Thanks to this <strong>Map of the Pilgrim&#8217;s Way<\/strong> and the <strong>GPX track<\/strong> it is possible to organize your trek in total autonomy. One possibility is to divide the trek into four days with three intermediate overnight stays. It is possible to access through the <strong>free Izi-Travel app<\/strong> a <strong>georeferenced and multimedia audio tour<\/strong> that accompanies the entire itinerary with 28 points of interest, divided into 5 categories (Art, History, Landscapes and Belvedere, Nature and the Tanaro river, the Life of Theobald). It is possible to download the GPX track and the Audiotour from the QRcodes on the front of the Pilgrims&#8217; Way Map.<\/p>\n","protected":false},"excerpt":{"rendered":"<p>The Pilgrims&#8217; Way Map was created within the project Pilgrims&#8217; Way. Between theatre, ancient paths and new trekking. The project was completed in 2024 on the occasion of the celebrations of the 25 years of activity of the San Giuseppe Cultural Center, the secular body that has managed the spaces of the Church of San [&hellip;]<\/p>\n","protected":false},"author":75,"featured_media":0,"parent":0,"menu_order":0,"comment_status":"closed","ping_status":"closed","template":"","meta":{"_monsterinsights_skip_tracking":false,"_monsterinsights_sitenote_active":false,"_monsterinsights_sitenote_note":"","_monsterinsights_sitenote_category":0,"footnotes":""},"class_list":["post-30851","page","type-page","status-publish","hentry"],"yoast_head":"<!-- This site is optimized with the Yoast SEO plugin v27.2 - https:\/\/yoast.com\/product\/yoast-seo-wordpress\/ -->\n<title>The St. Joseph Pilgrims&#039; Way | Ambiente &amp; Cultura<\/title>\n<meta name=\"description\" content=\"The Pilgrims&#039; Way Map was created within the project Pilgrims&#039; Way. Between theatre, ancient paths and new trekking. The project was completed in 2024 on\" \/>\n<meta name=\"robots\" content=\"index, follow, max-snippet:-1, max-image-preview:large, max-video-preview:-1\" \/>\n<link rel=\"canonical\" href=\"http:\/\/ambientecultura.it\/en\/the-st-joseph-pilgrims-way\/\" \/>\n<meta name=\"twitter:label1\" content=\"Est. reading time\" \/>\n\t<meta name=\"twitter:data1\" content=\"3 minutes\" \/>\n<script type=\"application\/ld+json\" class=\"yoast-schema-graph\">{\"@context\":\"https:\/\/schema.org\",\"@graph\":[{\"@type\":\"WebPage\",\"@id\":\"http:\/\/ambientecultura.it\/en\/the-st-joseph-pilgrims-way\/\",\"url\":\"http:\/\/ambientecultura.it\/en\/the-st-joseph-pilgrims-way\/\",\"name\":\"The St. Joseph Pilgrims' Way | Ambiente &amp; Cultura\",\"isPartOf\":{\"@id\":\"http:\/\/ambientecultura.it\/#website\"},\"primaryImageOfPage\":{\"@id\":\"http:\/\/ambientecultura.it\/en\/the-st-joseph-pilgrims-way\/#primaryimage\"},\"image\":{\"@id\":\"http:\/\/ambientecultura.it\/en\/the-st-joseph-pilgrims-way\/#primaryimage\"},\"thumbnailUrl\":\"http:\/\/www.turismoinlanga.it\/wp-content\/uploads\/2016\/02\/san_giuseppe_4.jpg\",\"datePublished\":\"2024-05-18T14:36:36+00:00\",\"dateModified\":\"2024-05-18T14:36:40+00:00\",\"description\":\"The Pilgrims' Way Map was created within the project Pilgrims' Way. Between theatre, ancient paths and new trekking. The project was completed in 2024 on\",\"breadcrumb\":{\"@id\":\"http:\/\/ambientecultura.it\/en\/the-st-joseph-pilgrims-way\/#breadcrumb\"},\"inLanguage\":\"en-US\",\"potentialAction\":[{\"@type\":\"ReadAction\",\"target\":[\"http:\/\/ambientecultura.it\/en\/the-st-joseph-pilgrims-way\/\"]}]},{\"@type\":\"ImageObject\",\"inLanguage\":\"en-US\",\"@id\":\"http:\/\/ambientecultura.it\/en\/the-st-joseph-pilgrims-way\/#primaryimage\",\"url\":\"http:\/\/www.turismoinlanga.it\/wp-content\/uploads\/2016\/02\/san_giuseppe_4.jpg\",\"contentUrl\":\"http:\/\/www.turismoinlanga.it\/wp-content\/uploads\/2016\/02\/san_giuseppe_4.jpg\"},{\"@type\":\"BreadcrumbList\",\"@id\":\"http:\/\/ambientecultura.it\/en\/the-st-joseph-pilgrims-way\/#breadcrumb\",\"itemListElement\":[{\"@type\":\"ListItem\",\"position\":1,\"name\":\"Home\",\"item\":\"http:\/\/ambientecultura.it\/en\/home-inglese\/\"},{\"@type\":\"ListItem\",\"position\":2,\"name\":\"The St. Joseph Pilgrims&#8217; Way\"}]},{\"@type\":\"WebSite\",\"@id\":\"http:\/\/ambientecultura.it\/#website\",\"url\":\"http:\/\/ambientecultura.it\/\",\"name\":\"Ambiente &amp; Cultura\",\"description\":\"\",\"potentialAction\":[{\"@type\":\"SearchAction\",\"target\":{\"@type\":\"EntryPoint\",\"urlTemplate\":\"http:\/\/ambientecultura.it\/?s={search_term_string}\"},\"query-input\":{\"@type\":\"PropertyValueSpecification\",\"valueRequired\":true,\"valueName\":\"search_term_string\"}}],\"inLanguage\":\"en-US\"}]}<\/script>\n<!-- \/ Yoast SEO plugin. -->","yoast_head_json":{"title":"The St. Joseph Pilgrims' Way | Ambiente &amp; Cultura","description":"The Pilgrims' Way Map was created within the project Pilgrims' Way. Between theatre, ancient paths and new trekking. The project was completed in 2024 on","robots":{"index":"index","follow":"follow","max-snippet":"max-snippet:-1","max-image-preview":"max-image-preview:large","max-video-preview":"max-video-preview:-1"},"canonical":"http:\/\/ambientecultura.it\/en\/the-st-joseph-pilgrims-way\/","twitter_misc":{"Est. reading time":"3 minutes"},"schema":{"@context":"https:\/\/schema.org","@graph":[{"@type":"WebPage","@id":"http:\/\/ambientecultura.it\/en\/the-st-joseph-pilgrims-way\/","url":"http:\/\/ambientecultura.it\/en\/the-st-joseph-pilgrims-way\/","name":"The St. Joseph Pilgrims' Way | Ambiente &amp; Cultura","isPartOf":{"@id":"http:\/\/ambientecultura.it\/#website"},"primaryImageOfPage":{"@id":"http:\/\/ambientecultura.it\/en\/the-st-joseph-pilgrims-way\/#primaryimage"},"image":{"@id":"http:\/\/ambientecultura.it\/en\/the-st-joseph-pilgrims-way\/#primaryimage"},"thumbnailUrl":"http:\/\/www.turismoinlanga.it\/wp-content\/uploads\/2016\/02\/san_giuseppe_4.jpg","datePublished":"2024-05-18T14:36:36+00:00","dateModified":"2024-05-18T14:36:40+00:00","description":"The Pilgrims' Way Map was created within the project Pilgrims' Way. Between theatre, ancient paths and new trekking. The project was completed in 2024 on","breadcrumb":{"@id":"http:\/\/ambientecultura.it\/en\/the-st-joseph-pilgrims-way\/#breadcrumb"},"inLanguage":"en-US","potentialAction":[{"@type":"ReadAction","target":["http:\/\/ambientecultura.it\/en\/the-st-joseph-pilgrims-way\/"]}]},{"@type":"ImageObject","inLanguage":"en-US","@id":"http:\/\/ambientecultura.it\/en\/the-st-joseph-pilgrims-way\/#primaryimage","url":"http:\/\/www.turismoinlanga.it\/wp-content\/uploads\/2016\/02\/san_giuseppe_4.jpg","contentUrl":"http:\/\/www.turismoinlanga.it\/wp-content\/uploads\/2016\/02\/san_giuseppe_4.jpg"},{"@type":"BreadcrumbList","@id":"http:\/\/ambientecultura.it\/en\/the-st-joseph-pilgrims-way\/#breadcrumb","itemListElement":[{"@type":"ListItem","position":1,"name":"Home","item":"http:\/\/ambientecultura.it\/en\/home-inglese\/"},{"@type":"ListItem","position":2,"name":"The St. Joseph Pilgrims&#8217; Way"}]},{"@type":"WebSite","@id":"http:\/\/ambientecultura.it\/#website","url":"http:\/\/ambientecultura.it\/","name":"Ambiente &amp; Cultura","description":"","potentialAction":[{"@type":"SearchAction","target":{"@type":"EntryPoint","urlTemplate":"http:\/\/ambientecultura.it\/?s={search_term_string}"},"query-input":{"@type":"PropertyValueSpecification","valueRequired":true,"valueName":"search_term_string"}}],"inLanguage":"en-US"}]}},"_links":{"self":[{"href":"http:\/\/ambientecultura.it\/en\/wp-json\/wp\/v2\/pages\/30851","targetHints":{"allow":["GET"]}}],"collection":[{"href":"http:\/\/ambientecultura.it\/en\/wp-json\/wp\/v2\/pages"}],"about":[{"href":"http:\/\/ambientecultura.it\/en\/wp-json\/wp\/v2\/types\/page"}],"author":[{"embeddable":true,"href":"http:\/\/ambientecultura.it\/en\/wp-json\/wp\/v2\/users\/75"}],"replies":[{"embeddable":true,"href":"http:\/\/ambientecultura.it\/en\/wp-json\/wp\/v2\/comments?post=30851"}],"version-history":[{"count":0,"href":"http:\/\/ambientecultura.it\/en\/wp-json\/wp\/v2\/pages\/30851\/revisions"}],"wp:attachment":[{"href":"http:\/\/ambientecultura.it\/en\/wp-json\/wp\/v2\/media?parent=30851"}],"curies":[{"name":"wp","href":"https:\/\/api.w.org\/{rel}","templated":true}]}}