{"id":33388,"date":"2025-04-21T17:26:18","date_gmt":"2025-04-21T15:26:18","guid":{"rendered":"http:\/\/ambientecultura.it\/?page_id=33388"},"modified":"2025-04-21T17:58:05","modified_gmt":"2025-04-21T15:58:05","slug":"alba-sotterranea-e-la-mostra-luciano-degiacomi-al-principio-il-vino-e-una-collina","status":"publish","type":"page","link":"http:\/\/ambientecultura.it\/en\/alba-sotterranea-e-la-mostra-luciano-degiacomi-al-principio-il-vino-e-una-collina\/","title":{"rendered":"Alba Sotterranea e la Mostra &#8220;LUCIANO DEGIACOMI &#8211; Al principio il vino \u00e8 una collina&#8221;"},"content":{"rendered":"\n<p>Palazzo Banca d\u2019Alba ospita dall\u2019 11 aprile al 4 maggio la mostra dedicata all\u2019albese Luciano Degiacomi dal titolo &#8220;LUCIANO DEGIACOMI \u2013 Al principio il vino \u00e8 una collina&#8221;. La mostra \u00e8 un&#8217;ottima occasione per abbinare alla visita all&#8217;esposizione un tour &#8220;Alba Sotterranea&#8221;, che, in occasione dei ponti e delle festivit\u00e0 previsti tra aprile e maggio 2025, moltiplica le sue date i suoi turni di visita e le possibilit\u00e0 di scoprire le radici sotterranee della citt\u00e0 di Alba.<\/p>\n\n\n\n<p>Luciano Degiacomi (1921-1995) \u00e8 stato una figura chiave per la valorizzazione del territorio albese e delle Langhe. Farmacista di professione, ha dedicato la sua vita alla promozione del vino, della gastronomia e della cultura locale, intuendo prima di molti le potenzialit\u00e0 del territorio.<\/p>\n\n\n\n<p>Tra la fine degli anni Cinquanta e gli anni Sessanta del Novecento i castelli erano nell\u2019abbandono, il futuro dell\u2019agricoltura collinare appariva incerto e difficile, lo sviluppo industriale \u2013 fondamentale per accedere a un nuovo benessere \u2013 sembrava essere l\u2019unica prospettiva, mancavano case e scuole. E Luciano Degiacomi, visionario, scommetteva sulle possibilit\u00e0 di sviluppo offerte dai paesaggi collinari, dai castelli, dalla cucina, dal tartufo e dai vini. Con alcuni altri praticava un tenace volontariato, quando di volontariato culturale ancora poco si parlava, ambasciatore di Alba, del tartufo, della gastronomia, dell\u2019enologia e della cultura.<\/p>\n\n\n\n<p>Nel 1955 fu tra i fondatori della&nbsp;<em>Famija Alb\u00e8isa<\/em>, di cui divenne presidente dal 1963 al 1970, promuovendo iniziative culturali e pubblicazioni storiche. Nel 1966 contribu\u00ec alla creazione dell\u2019Enoteca Regionale Piemontese nel castello di Grinzane Cavour e, l\u2019anno successivo, fond\u00f2 l\u2019Ordine dei Cavalieri del Tartufo e dei Vini di Alba, che guid\u00f2 per 25 anni, favorendo lo sviluppo dell\u2019enoturismo.<\/p>\n\n\n\n<p>Degiacomi fu anche un pioniere della tutela ambientale e artistica: si oppose alla demolizione del Teatro Sociale di Alba e contribu\u00ec alla nascita della sezione locale di Italia Nostra. La sua visione innovativa si concretizz\u00f2 nella pubblicazione di guide enogastronomiche, tra cui Langhe d\u2019Alba (1963) e Sulle strade dei vini d\u2019Alba negli anni \u201980.<\/p>\n\n\n\n<p>Le cascine Drago, da lui gestite, divennero un laboratorio per tecniche agricole innovative e sostenibili. Dopo la sua scomparsa, il suo operato \u00e8 stato portato avanti da Beppe Colla e dalla sua famiglia. La mostra ne celebrer\u00e0 l\u2019eredit\u00e0 e l\u2019impatto sulla cultura e l\u2019economia delle Langhe:&nbsp; a trent\u2019anni dalla morte, la mostra, attraverso materiali fotografici, testuali, video e oggetti originali, ricorder\u00e0 la sua figura raccontandone la passione e&nbsp;le realizzazioni per la sua terra.<\/p>\n\n\n\n<p>La mostra, sar\u00e0 visitabile nelle seguenti giornate e con i seguenti orari: il venerd\u00ec, il sabato e la domenica dalle ore 10 alle ore 19. Sono poi previste giornate di apertura straordinaria nelle giornate di domenica 20 aprile, luned\u00ec 21 aprile e gioved\u00ec 1 maggio con orario 10-19.<\/p>\n\n\n\n<figure class=\"wp-block-gallery has-nested-images columns-default is-cropped wp-block-gallery-1 is-layout-flex wp-block-gallery-is-layout-flex\">\n<figure class=\"wp-block-image size-large\"><img loading=\"lazy\" decoding=\"async\" width=\"600\" height=\"415\" data-id=\"33420\" src=\"http:\/\/ambientecultura.it\/files\/2025\/04\/degiacomi650450-1-1.jpg\" alt=\"\" class=\"wp-image-33420\" srcset=\"http:\/\/ambientecultura.it\/files\/2025\/04\/degiacomi650450-1-1.jpg 600w, http:\/\/ambientecultura.it\/files\/2025\/04\/degiacomi650450-1-1-300x208.jpg 300w\" sizes=\"auto, (max-width: 600px) 100vw, 600px\" \/><\/figure>\n\n\n\n<figure class=\"wp-block-image size-large\"><img loading=\"lazy\" decoding=\"async\" width=\"600\" height=\"350\" data-id=\"33424\" src=\"http:\/\/ambientecultura.it\/files\/2025\/04\/489927575_1225618546238670_6039125782869182129_n-1-1.jpg\" alt=\"\" class=\"wp-image-33424\" srcset=\"http:\/\/ambientecultura.it\/files\/2025\/04\/489927575_1225618546238670_6039125782869182129_n-1-1.jpg 600w, http:\/\/ambientecultura.it\/files\/2025\/04\/489927575_1225618546238670_6039125782869182129_n-1-1-300x175.jpg 300w\" sizes=\"auto, (max-width: 600px) 100vw, 600px\" \/><\/figure>\n<\/figure>\n\n\n\n<p><\/p>\n","protected":false},"excerpt":{"rendered":"<p>Palazzo Banca d\u2019Alba ospita dall\u2019 11 aprile al 4 maggio la mostra dedicata all\u2019albese Luciano Degiacomi dal titolo &#8220;LUCIANO DEGIACOMI \u2013 Al principio il vino \u00e8 una collina&#8221;. La mostra \u00e8 un&#8217;ottima occasione per abbinare alla visita all&#8217;esposizione un tour &#8220;Alba Sotterranea&#8221;, che, in occasione dei ponti e delle festivit\u00e0 previsti tra aprile e maggio [&hellip;]<\/p>\n","protected":false},"author":75,"featured_media":33416,"parent":0,"menu_order":0,"comment_status":"closed","ping_status":"closed","template":"","meta":{"_monsterinsights_skip_tracking":false,"_monsterinsights_sitenote_active":false,"_monsterinsights_sitenote_note":"","_monsterinsights_sitenote_category":0,"footnotes":""},"class_list":["post-33388","page","type-page","status-publish","has-post-thumbnail","hentry"],"yoast_head":"<!-- This site is optimized with the Yoast SEO plugin v27.2 - https:\/\/yoast.com\/product\/yoast-seo-wordpress\/ -->\n<title>Alba Sotterranea e la Mostra &quot;LUCIANO DEGIACOMI - Al principio il vino \u00e8 una collina&quot; | Ambiente &amp; Cultura<\/title>\n<meta name=\"description\" content=\"Palazzo Banca d\u2019Alba ospita dall\u2019 11 aprile al 4 maggio la mostra dedicata all\u2019albese Luciano Degiacomi dal titolo &quot;LUCIANO DEGIACOMI \u2013 Al principio il\" \/>\n<meta name=\"robots\" content=\"index, follow, max-snippet:-1, max-image-preview:large, max-video-preview:-1\" \/>\n<link rel=\"canonical\" href=\"http:\/\/ambientecultura.it\/en\/alba-sotterranea-e-la-mostra-luciano-degiacomi-al-principio-il-vino-e-una-collina\/\" \/>\n<meta name=\"twitter:label1\" content=\"Est. reading time\" \/>\n\t<meta name=\"twitter:data1\" content=\"3 minutes\" \/>\n<script type=\"application\/ld+json\" class=\"yoast-schema-graph\">{\"@context\":\"https:\/\/schema.org\",\"@graph\":[{\"@type\":\"WebPage\",\"@id\":\"http:\/\/ambientecultura.it\/en\/alba-sotterranea-e-la-mostra-luciano-degiacomi-al-principio-il-vino-e-una-collina\/\",\"url\":\"http:\/\/ambientecultura.it\/en\/alba-sotterranea-e-la-mostra-luciano-degiacomi-al-principio-il-vino-e-una-collina\/\",\"name\":\"Alba Sotterranea e la Mostra \\\"LUCIANO DEGIACOMI - Al principio il vino \u00e8 una collina\\\" | Ambiente &amp; Cultura\",\"isPartOf\":{\"@id\":\"http:\/\/ambientecultura.it\/#website\"},\"primaryImageOfPage\":{\"@id\":\"http:\/\/ambientecultura.it\/en\/alba-sotterranea-e-la-mostra-luciano-degiacomi-al-principio-il-vino-e-una-collina\/#primaryimage\"},\"image\":{\"@id\":\"http:\/\/ambientecultura.it\/en\/alba-sotterranea-e-la-mostra-luciano-degiacomi-al-principio-il-vino-e-una-collina\/#primaryimage\"},\"thumbnailUrl\":\"http:\/\/ambientecultura.it\/files\/2025\/04\/Mostra-Degiacomi-Banca-dAlba-2.png\",\"datePublished\":\"2025-04-21T15:26:18+00:00\",\"dateModified\":\"2025-04-21T15:58:05+00:00\",\"description\":\"Palazzo Banca d\u2019Alba ospita dall\u2019 11 aprile al 4 maggio la mostra dedicata all\u2019albese Luciano Degiacomi dal titolo \\\"LUCIANO DEGIACOMI \u2013 Al principio il\",\"breadcrumb\":{\"@id\":\"http:\/\/ambientecultura.it\/en\/alba-sotterranea-e-la-mostra-luciano-degiacomi-al-principio-il-vino-e-una-collina\/#breadcrumb\"},\"inLanguage\":\"en-US\",\"potentialAction\":[{\"@type\":\"ReadAction\",\"target\":[\"http:\/\/ambientecultura.it\/en\/alba-sotterranea-e-la-mostra-luciano-degiacomi-al-principio-il-vino-e-una-collina\/\"]}]},{\"@type\":\"ImageObject\",\"inLanguage\":\"en-US\",\"@id\":\"http:\/\/ambientecultura.it\/en\/alba-sotterranea-e-la-mostra-luciano-degiacomi-al-principio-il-vino-e-una-collina\/#primaryimage\",\"url\":\"http:\/\/ambientecultura.it\/files\/2025\/04\/Mostra-Degiacomi-Banca-dAlba-2.png\",\"contentUrl\":\"http:\/\/ambientecultura.it\/files\/2025\/04\/Mostra-Degiacomi-Banca-dAlba-2.png\",\"width\":200,\"height\":200},{\"@type\":\"BreadcrumbList\",\"@id\":\"http:\/\/ambientecultura.it\/en\/alba-sotterranea-e-la-mostra-luciano-degiacomi-al-principio-il-vino-e-una-collina\/#breadcrumb\",\"itemListElement\":[{\"@type\":\"ListItem\",\"position\":1,\"name\":\"Home\",\"item\":\"http:\/\/ambientecultura.it\/en\/home-inglese\/\"},{\"@type\":\"ListItem\",\"position\":2,\"name\":\"Alba Sotterranea e la Mostra &#8220;LUCIANO DEGIACOMI &#8211; Al principio il vino \u00e8 una collina&#8221;\"}]},{\"@type\":\"WebSite\",\"@id\":\"http:\/\/ambientecultura.it\/#website\",\"url\":\"http:\/\/ambientecultura.it\/\",\"name\":\"Ambiente &amp; Cultura\",\"description\":\"\",\"potentialAction\":[{\"@type\":\"SearchAction\",\"target\":{\"@type\":\"EntryPoint\",\"urlTemplate\":\"http:\/\/ambientecultura.it\/?s={search_term_string}\"},\"query-input\":{\"@type\":\"PropertyValueSpecification\",\"valueRequired\":true,\"valueName\":\"search_term_string\"}}],\"inLanguage\":\"en-US\"}]}<\/script>\n<!-- \/ Yoast SEO plugin. -->","yoast_head_json":{"title":"Alba Sotterranea e la Mostra \"LUCIANO DEGIACOMI - Al principio il vino \u00e8 una collina\" | Ambiente &amp; Cultura","description":"Palazzo Banca d\u2019Alba ospita dall\u2019 11 aprile al 4 maggio la mostra dedicata all\u2019albese Luciano Degiacomi dal titolo \"LUCIANO DEGIACOMI \u2013 Al principio il","robots":{"index":"index","follow":"follow","max-snippet":"max-snippet:-1","max-image-preview":"max-image-preview:large","max-video-preview":"max-video-preview:-1"},"canonical":"http:\/\/ambientecultura.it\/en\/alba-sotterranea-e-la-mostra-luciano-degiacomi-al-principio-il-vino-e-una-collina\/","twitter_misc":{"Est. reading time":"3 minutes"},"schema":{"@context":"https:\/\/schema.org","@graph":[{"@type":"WebPage","@id":"http:\/\/ambientecultura.it\/en\/alba-sotterranea-e-la-mostra-luciano-degiacomi-al-principio-il-vino-e-una-collina\/","url":"http:\/\/ambientecultura.it\/en\/alba-sotterranea-e-la-mostra-luciano-degiacomi-al-principio-il-vino-e-una-collina\/","name":"Alba Sotterranea e la Mostra \"LUCIANO DEGIACOMI - Al principio il vino \u00e8 una collina\" | Ambiente &amp; Cultura","isPartOf":{"@id":"http:\/\/ambientecultura.it\/#website"},"primaryImageOfPage":{"@id":"http:\/\/ambientecultura.it\/en\/alba-sotterranea-e-la-mostra-luciano-degiacomi-al-principio-il-vino-e-una-collina\/#primaryimage"},"image":{"@id":"http:\/\/ambientecultura.it\/en\/alba-sotterranea-e-la-mostra-luciano-degiacomi-al-principio-il-vino-e-una-collina\/#primaryimage"},"thumbnailUrl":"http:\/\/ambientecultura.it\/files\/2025\/04\/Mostra-Degiacomi-Banca-dAlba-2.png","datePublished":"2025-04-21T15:26:18+00:00","dateModified":"2025-04-21T15:58:05+00:00","description":"Palazzo Banca d\u2019Alba ospita dall\u2019 11 aprile al 4 maggio la mostra dedicata all\u2019albese Luciano Degiacomi dal titolo \"LUCIANO DEGIACOMI \u2013 Al principio il","breadcrumb":{"@id":"http:\/\/ambientecultura.it\/en\/alba-sotterranea-e-la-mostra-luciano-degiacomi-al-principio-il-vino-e-una-collina\/#breadcrumb"},"inLanguage":"en-US","potentialAction":[{"@type":"ReadAction","target":["http:\/\/ambientecultura.it\/en\/alba-sotterranea-e-la-mostra-luciano-degiacomi-al-principio-il-vino-e-una-collina\/"]}]},{"@type":"ImageObject","inLanguage":"en-US","@id":"http:\/\/ambientecultura.it\/en\/alba-sotterranea-e-la-mostra-luciano-degiacomi-al-principio-il-vino-e-una-collina\/#primaryimage","url":"http:\/\/ambientecultura.it\/files\/2025\/04\/Mostra-Degiacomi-Banca-dAlba-2.png","contentUrl":"http:\/\/ambientecultura.it\/files\/2025\/04\/Mostra-Degiacomi-Banca-dAlba-2.png","width":200,"height":200},{"@type":"BreadcrumbList","@id":"http:\/\/ambientecultura.it\/en\/alba-sotterranea-e-la-mostra-luciano-degiacomi-al-principio-il-vino-e-una-collina\/#breadcrumb","itemListElement":[{"@type":"ListItem","position":1,"name":"Home","item":"http:\/\/ambientecultura.it\/en\/home-inglese\/"},{"@type":"ListItem","position":2,"name":"Alba Sotterranea e la Mostra &#8220;LUCIANO DEGIACOMI &#8211; Al principio il vino \u00e8 una collina&#8221;"}]},{"@type":"WebSite","@id":"http:\/\/ambientecultura.it\/#website","url":"http:\/\/ambientecultura.it\/","name":"Ambiente &amp; Cultura","description":"","potentialAction":[{"@type":"SearchAction","target":{"@type":"EntryPoint","urlTemplate":"http:\/\/ambientecultura.it\/?s={search_term_string}"},"query-input":{"@type":"PropertyValueSpecification","valueRequired":true,"valueName":"search_term_string"}}],"inLanguage":"en-US"}]}},"_links":{"self":[{"href":"http:\/\/ambientecultura.it\/en\/wp-json\/wp\/v2\/pages\/33388","targetHints":{"allow":["GET"]}}],"collection":[{"href":"http:\/\/ambientecultura.it\/en\/wp-json\/wp\/v2\/pages"}],"about":[{"href":"http:\/\/ambientecultura.it\/en\/wp-json\/wp\/v2\/types\/page"}],"author":[{"embeddable":true,"href":"http:\/\/ambientecultura.it\/en\/wp-json\/wp\/v2\/users\/75"}],"replies":[{"embeddable":true,"href":"http:\/\/ambientecultura.it\/en\/wp-json\/wp\/v2\/comments?post=33388"}],"version-history":[{"count":0,"href":"http:\/\/ambientecultura.it\/en\/wp-json\/wp\/v2\/pages\/33388\/revisions"}],"wp:featuredmedia":[{"embeddable":true,"href":"http:\/\/ambientecultura.it\/en\/wp-json\/wp\/v2\/media\/33416"}],"wp:attachment":[{"href":"http:\/\/ambientecultura.it\/en\/wp-json\/wp\/v2\/media?parent=33388"}],"curies":[{"name":"wp","href":"https:\/\/api.w.org\/{rel}","templated":true}]}}