{"id":33430,"date":"2025-04-21T17:54:30","date_gmt":"2025-04-21T15:54:30","guid":{"rendered":"http:\/\/ambientecultura.it\/?page_id=33430"},"modified":"2025-04-21T17:54:33","modified_gmt":"2025-04-21T15:54:33","slug":"alba-sotterranea-e-la-mostra-more-than-kids-di-valerio-berruti-in-fondazione-ferrero","status":"publish","type":"page","link":"http:\/\/ambientecultura.it\/en\/alba-sotterranea-e-la-mostra-more-than-kids-di-valerio-berruti-in-fondazione-ferrero\/","title":{"rendered":"Alba Sotterranea e la mostra &#8220;More than kids&#8221; di Valerio Berruti in Fondazione &#8220;Ferrero&#8221;"},"content":{"rendered":"\n<p>La Fondazione Ferrero di Alba presenta dal 4 aprile al 4 luglio 2025 la mostra \u201cMore than kids\u201d di Valerio Berruti. La personale, a cura di Nicolas Ballario e Arturo Galansino, raccoglie la produzione dell\u2019artista albese tra affreschi, sculture e video-animazioni e anticipa alcuni lavori che saranno presentati a partire dal prossimo luglio nelle prestigiose sale di Palazzo Reale a Milano.\u00a0La mostra \u00e8 un&#8217;ottima occasione per abbinare alla visita all&#8217;esposizione anche i tour &#8220;Alba Sotterranea&#8221;, alla scoperta delle radici sotterranee della citt\u00e0 di Alba.<\/p>\n\n\n\n<p>Alla poetica dell\u2019infanzia, cara all\u2019artista e declinata attraverso tecniche molto diverse tra loro, si affianca per la prima volta l\u2019attenzione posta al paesaggio delle Langhe ritratte con il tratto distintivo di Berruti che invita lo spettatore a terminare l\u2019opera semplicemente osservandola.<\/p>\n\n\n\n<p>I bambini di Berruti\u00a0non sono puramente o solamente tali, ma metafore di un momento comune in cui tutto \u00e8 ancora possibile. Proprio come bambini anche gli adulti possono ritrovarsi stupiti di fronte a qualcosa di sconosciuto o smarriti nelle difficolt\u00e0. &#8220;Into my arms&#8221;, la\u00a0scultura monumentale esposta per la prima volta all\u2019esterno della Fondazione Ferrero, accoglie i visitatori suggerendo la necessit\u00e0 di abbracciarsi e prendersi cura di s\u00e9 cos\u00ec come la grande scultura Insight, nel giardino interno della Fondazione, raffigura un bambino in posa contemplativa, quasi come se avesse raggiunto una nuova consapevolezza. Sono \u201cpi\u00f9 che bambini\u201d anche i protagonisti delle altre opere scultoree inserite nel percorso espositivo come &#8220;More than a child&#8221;, scultura in alluminio esposta per la prima volta, &#8220;Three (parts of) me&#8221;, &#8220;Aurora&#8221; e &#8220;Nel nome del padre&#8221;, installazione composta da cinque opere in cemento, vetroresina e terra che ritrae un gruppo di bambini idealmente raccolti in preghiera. Dalla scultura si passa ai bassorilievi, in questo caso in cemento e resina, con l\u2019opera Nel silenzio che ha per protagoniste tre bambine che dormono sulla terra arsa dal sole. Il mondo sta cambiando, la temperatura si sta alzando, il clima grida la nostra attenzione senza fare alcun rumore: il\u00a0cambiamento climatico\u00a0\u00e8 protagonista negli ultimi lavori di Berruti anche e soprattutto in\u00a0&#8220;Don&#8217;t let me be wrong&#8221;. In Fondazione Ferrero si trova il lavoro preparatorio della grande scultura che sar\u00e0 esposta nel cortile di Palazzo Reale e all\u2019interno della quale sar\u00e0 possibile entrare per vedere proiettato il nuovo cortometraggio composto da disegni messi in sequenza.<\/p>\n\n\n\n<p> Il tema degli affetti famigliari torna in &#8220;Endless love&#8221; che attraverso una serie di\u00a0disegni\u00a0su carta di riso raffigura un simbolico e infinito abbraccio tra fratelli.<br>Nelle sale della Fondazione albese si trovano anche alcuni tra i primi\u00a0affreschi\u00a0realizzati dall\u2019artista oltre vent\u2019anni fa come &#8220;Vocazione&#8221; dove il piccolo protagonista \u00e8 ritratto su grandi tele di juta grezza. Gli ultimi affreschi realizzati da Berruti sono invece le diciotto opere del ciclo Langhe, una produzione del tutto inedita dell\u2019artista che si discosta dal tema dell\u2019infanzia e riproduce i\u00a0paesaggi\u00a0raffiguranti la sua terra mantenendo l\u2019essenzialit\u00e0 dei tratti e l\u2019interazione con lo spettatore chiamato a completare l\u2019opera con il proprio sguardo.<br>Uno spazio della mostra sar\u00e0 interamente dedicato alle\u00a0video-animazioni\u00a0con la proiezione in loop di tutti i corti animati realizzati dal 2004 al 2024 con le colonne sonore appositamente scritte da grandi musicisti internazionali. Tra queste &#8220;La figlia di Isacco&#8221; realizzata per il Padiglione Italia della Biennale di Venezia nel 2009 con le musiche di Paolo Conte, ma anche &#8220;Kizuna&#8221; musicata da Ryuchi Sakamoto e &#8220;La giostra di Nina&#8221; con il pianoforte di Ludovico Einaudi.<\/p>\n\n\n\n<p>Il progetto espositivo \u201cMore than kids\u201d, dopo la personale alla\u00a0Fondazione Ferrero, proseguir\u00e0 nel cortile e al piano nobile di\u00a0Palazzo Reale a Milano\u00a0(da luglio a novembre 2025) per poi ritornare ad Alba, da ottobre fino a dicembre, con una grande installazione all\u2019interno della Chiesa di San Domenico, nel cuore del centro storico cittadino,\u00a0promossadall\u2019Assessorato alla Cultura del Comune di Alba\u00a0proprio nel periodo dell\u2019edizione 2025 della\u00a0Fiera Internazionale del tartufo bianco d\u2019Alba. <\/p>\n\n\n\n<p><strong>Valerio Berruti<\/strong><br>Nato ad Alba nel 1977. L\u2019artista utilizza l\u2019antica tecnica dell\u2019affresco, la scultura e la video-animazione per creare immagini essenziali, ispirate al mondo sospeso dell&#8217;infanzia, il momento della vita in cui tutto deve ancora avvenire. Nel 2009 partecipa alla 53a Biennale di Venezia dove ha presentato un video, con la musica di Paolo Conte, composto da 600 disegni affrescati. Nel 2011 il suo video Kizuna, esposto al Pola Museum di Tokyo con la colonna sonora appositamente scritta da Ryuichi Sakamoto, \u00e8 diventato un progetto benefico per la ricostruzione del Giappone dopo la devastazione dal terremoto. L\u2019anno successivo ha vinto il premio internazionale Luci d&#8217;artista di Torino e ha realizzato un\u2019opera permanente di land art alla Nirox Foundation di Johannesburg. Nel 2018 inizia a lavorare al cortometraggio animato, coprodotto da Sky Arte, La giostra di Nina con la colonna sonora di Ludovico Einaudi. La grande giostra viene esposta nell\u2019autunno del 2018 nella Chiesa di San Domenico di Alba e successivamente al MAXXI &#8211; Museo nazionale delle arti del XXI secolo e alla Reggia di Venaria. Nel 2022 \u00e8 stata inaugurata la sua opera monumentale Alba, una scultura in acciaio inox bronzato altra oltre 12 metri donata dalla famiglia Ferrero alla Citt\u00e0 di Alba, posizionata nella centrale piazza Michele Ferrero, dedicata all\u2019imprenditore albese. A maggio 2024 ha inaugurato Circulating sketch, una personale in Cina nel prestigioso Teagan Space di Youyi Bay, nel distretto di Pechino. <\/p>\n\n\n\n<p><strong>INFORMAZIONI PRATICHE<\/strong><\/p>\n\n\n\n<p>Valerio Berruti \u201c<strong>More than kids<\/strong>\u201d<br>A cura di Nicolas Ballario e Arturo Galansino<br><strong>dal 4 aprile al 4 luglio 2025<\/strong><br><br><strong>Fondazione Ferrero<\/strong><br>Strada di mezzo, 44, 12051 Alba (Cuneo) Italia<br><br><strong>Ingresso gratuito<\/strong><br><strong>Orari:<\/strong>\u00a0mercoled\u00ec, gioved\u00ec e venerd\u00ec 15 \u2013 19\u00a0<br>sabato, domenica e festivi 10 \u2013 19<br><strong>chiuso dal 18 al 27 aprile<\/strong> <\/p>\n\n\n\n<p><strong>Valerio Berruti<\/strong><br>Nato ad Alba nel 1977. L\u2019artista utilizza l\u2019antica tecnica dell\u2019affresco, la scultura e la video-animazione per creare immagini essenziali, ispirate al mondo sospeso dell&#8217;infanzia, il momento della vita in cui tutto deve ancora avvenire. Nel 2009 partecipa alla 53a Biennale di Venezia dove ha presentato un video, con la musica di Paolo Conte, composto da 600 disegni affrescati. Nel 2011 il suo video Kizuna, esposto al Pola Museum di Tokyo con la colonna sonora appositamente scritta da Ryuichi Sakamoto, \u00e8 diventato un progetto benefico per la ricostruzione del Giappone dopo la devastazione dal terremoto. L\u2019anno successivo ha vinto il premio internazionale Luci d&#8217;artista di Torino e ha realizzato un\u2019opera permanente di land art alla Nirox Foundation di Johannesburg. Nel 2018 inizia a lavorare al cortometraggio animato, coprodotto da Sky Arte, La giostra di Nina con la colonna sonora di Ludovico Einaudi. La grande giostra viene esposta nell\u2019autunno del 2018 nella Chiesa di San Domenico di Alba e successivamente al MAXXI &#8211; Museo nazionale delle arti del XXI secolo e alla Reggia di Venaria. Nel 2022 \u00e8 stata inaugurata la sua opera monumentale Alba, una scultura in acciaio inox bronzato altra oltre 12 metri donata dalla famiglia Ferrero alla Citt\u00e0 di Alba, posizionata nella centrale piazza Michele Ferrero, dedicata all\u2019imprenditore albese. A maggio 2024 ha inaugurato Circulating sketch, una personale in Cina nel prestigioso Teagan Space di Youyi Bay, nel distretto di Pechino. <\/p>\n\n\n\n<figure class=\"wp-block-gallery has-nested-images columns-default is-cropped wp-block-gallery-1 is-layout-flex wp-block-gallery-is-layout-flex\">\n<figure class=\"wp-block-image size-large\"><img loading=\"lazy\" decoding=\"async\" width=\"600\" height=\"300\" data-id=\"33436\" src=\"http:\/\/ambientecultura.it\/files\/2025\/04\/67654-1.jpg\" alt=\"\" class=\"wp-image-33436\" srcset=\"http:\/\/ambientecultura.it\/files\/2025\/04\/67654-1.jpg 600w, http:\/\/ambientecultura.it\/files\/2025\/04\/67654-1-300x150.jpg 300w\" sizes=\"auto, (max-width: 600px) 100vw, 600px\" \/><\/figure>\n\n\n\n<figure class=\"wp-block-image size-large\"><img loading=\"lazy\" decoding=\"async\" width=\"600\" height=\"300\" data-id=\"33440\" src=\"http:\/\/ambientecultura.it\/files\/2025\/04\/67656-1.jpg\" alt=\"\" class=\"wp-image-33440\" srcset=\"http:\/\/ambientecultura.it\/files\/2025\/04\/67656-1.jpg 600w, http:\/\/ambientecultura.it\/files\/2025\/04\/67656-1-300x150.jpg 300w\" sizes=\"auto, (max-width: 600px) 100vw, 600px\" \/><\/figure>\n<\/figure>\n\n\n\n<p><\/p>\n","protected":false},"excerpt":{"rendered":"<p>La Fondazione Ferrero di Alba presenta dal 4 aprile al 4 luglio 2025 la mostra \u201cMore than kids\u201d di Valerio Berruti. La personale, a cura di Nicolas Ballario e Arturo Galansino, raccoglie la produzione dell\u2019artista albese tra affreschi, sculture e video-animazioni e anticipa alcuni lavori che saranno presentati a partire dal prossimo luglio nelle prestigiose [&hellip;]<\/p>\n","protected":false},"author":75,"featured_media":33432,"parent":0,"menu_order":0,"comment_status":"closed","ping_status":"closed","template":"","meta":{"_monsterinsights_skip_tracking":false,"_monsterinsights_sitenote_active":false,"_monsterinsights_sitenote_note":"","_monsterinsights_sitenote_category":0,"footnotes":""},"class_list":["post-33430","page","type-page","status-publish","has-post-thumbnail","hentry"],"yoast_head":"<!-- This site is optimized with the Yoast SEO plugin v27.2 - https:\/\/yoast.com\/product\/yoast-seo-wordpress\/ -->\n<title>Alba Sotterranea e la mostra &quot;More than kids&quot; di Valerio Berruti in Fondazione &quot;Ferrero&quot; | Ambiente &amp; Cultura<\/title>\n<meta name=\"description\" content=\"La Fondazione Ferrero di Alba presenta dal 4 aprile al 4 luglio 2025 la mostra \u201cMore than kids\u201d di Valerio Berruti. La personale, a cura di Nicolas\" \/>\n<meta name=\"robots\" content=\"index, follow, max-snippet:-1, max-image-preview:large, max-video-preview:-1\" \/>\n<link rel=\"canonical\" href=\"http:\/\/ambientecultura.it\/en\/alba-sotterranea-e-la-mostra-more-than-kids-di-valerio-berruti-in-fondazione-ferrero\/\" \/>\n<meta name=\"twitter:label1\" content=\"Est. reading time\" \/>\n\t<meta name=\"twitter:data1\" content=\"7 minutes\" \/>\n<script type=\"application\/ld+json\" class=\"yoast-schema-graph\">{\"@context\":\"https:\/\/schema.org\",\"@graph\":[{\"@type\":\"WebPage\",\"@id\":\"http:\/\/ambientecultura.it\/en\/alba-sotterranea-e-la-mostra-more-than-kids-di-valerio-berruti-in-fondazione-ferrero\/\",\"url\":\"http:\/\/ambientecultura.it\/en\/alba-sotterranea-e-la-mostra-more-than-kids-di-valerio-berruti-in-fondazione-ferrero\/\",\"name\":\"Alba Sotterranea e la mostra \\\"More than kids\\\" di Valerio Berruti in Fondazione \\\"Ferrero\\\" | Ambiente &amp; Cultura\",\"isPartOf\":{\"@id\":\"http:\/\/ambientecultura.it\/#website\"},\"primaryImageOfPage\":{\"@id\":\"http:\/\/ambientecultura.it\/en\/alba-sotterranea-e-la-mostra-more-than-kids-di-valerio-berruti-in-fondazione-ferrero\/#primaryimage\"},\"image\":{\"@id\":\"http:\/\/ambientecultura.it\/en\/alba-sotterranea-e-la-mostra-more-than-kids-di-valerio-berruti-in-fondazione-ferrero\/#primaryimage\"},\"thumbnailUrl\":\"http:\/\/ambientecultura.it\/files\/2025\/04\/67625-1.jpg\",\"datePublished\":\"2025-04-21T15:54:30+00:00\",\"dateModified\":\"2025-04-21T15:54:33+00:00\",\"description\":\"La Fondazione Ferrero di Alba presenta dal 4 aprile al 4 luglio 2025 la mostra \u201cMore than kids\u201d di Valerio Berruti. La personale, a cura di Nicolas\",\"breadcrumb\":{\"@id\":\"http:\/\/ambientecultura.it\/en\/alba-sotterranea-e-la-mostra-more-than-kids-di-valerio-berruti-in-fondazione-ferrero\/#breadcrumb\"},\"inLanguage\":\"en-US\",\"potentialAction\":[{\"@type\":\"ReadAction\",\"target\":[\"http:\/\/ambientecultura.it\/en\/alba-sotterranea-e-la-mostra-more-than-kids-di-valerio-berruti-in-fondazione-ferrero\/\"]}]},{\"@type\":\"ImageObject\",\"inLanguage\":\"en-US\",\"@id\":\"http:\/\/ambientecultura.it\/en\/alba-sotterranea-e-la-mostra-more-than-kids-di-valerio-berruti-in-fondazione-ferrero\/#primaryimage\",\"url\":\"http:\/\/ambientecultura.it\/files\/2025\/04\/67625-1.jpg\",\"contentUrl\":\"http:\/\/ambientecultura.it\/files\/2025\/04\/67625-1.jpg\",\"width\":600,\"height\":230},{\"@type\":\"BreadcrumbList\",\"@id\":\"http:\/\/ambientecultura.it\/en\/alba-sotterranea-e-la-mostra-more-than-kids-di-valerio-berruti-in-fondazione-ferrero\/#breadcrumb\",\"itemListElement\":[{\"@type\":\"ListItem\",\"position\":1,\"name\":\"Home\",\"item\":\"http:\/\/ambientecultura.it\/en\/home-inglese\/\"},{\"@type\":\"ListItem\",\"position\":2,\"name\":\"Alba Sotterranea e la mostra &#8220;More than kids&#8221; di Valerio Berruti in Fondazione &#8220;Ferrero&#8221;\"}]},{\"@type\":\"WebSite\",\"@id\":\"http:\/\/ambientecultura.it\/#website\",\"url\":\"http:\/\/ambientecultura.it\/\",\"name\":\"Ambiente &amp; Cultura\",\"description\":\"\",\"potentialAction\":[{\"@type\":\"SearchAction\",\"target\":{\"@type\":\"EntryPoint\",\"urlTemplate\":\"http:\/\/ambientecultura.it\/?s={search_term_string}\"},\"query-input\":{\"@type\":\"PropertyValueSpecification\",\"valueRequired\":true,\"valueName\":\"search_term_string\"}}],\"inLanguage\":\"en-US\"}]}<\/script>\n<!-- \/ Yoast SEO plugin. -->","yoast_head_json":{"title":"Alba Sotterranea e la mostra \"More than kids\" di Valerio Berruti in Fondazione \"Ferrero\" | Ambiente &amp; Cultura","description":"La Fondazione Ferrero di Alba presenta dal 4 aprile al 4 luglio 2025 la mostra \u201cMore than kids\u201d di Valerio Berruti. La personale, a cura di Nicolas","robots":{"index":"index","follow":"follow","max-snippet":"max-snippet:-1","max-image-preview":"max-image-preview:large","max-video-preview":"max-video-preview:-1"},"canonical":"http:\/\/ambientecultura.it\/en\/alba-sotterranea-e-la-mostra-more-than-kids-di-valerio-berruti-in-fondazione-ferrero\/","twitter_misc":{"Est. reading time":"7 minutes"},"schema":{"@context":"https:\/\/schema.org","@graph":[{"@type":"WebPage","@id":"http:\/\/ambientecultura.it\/en\/alba-sotterranea-e-la-mostra-more-than-kids-di-valerio-berruti-in-fondazione-ferrero\/","url":"http:\/\/ambientecultura.it\/en\/alba-sotterranea-e-la-mostra-more-than-kids-di-valerio-berruti-in-fondazione-ferrero\/","name":"Alba Sotterranea e la mostra \"More than kids\" di Valerio Berruti in Fondazione \"Ferrero\" | Ambiente &amp; Cultura","isPartOf":{"@id":"http:\/\/ambientecultura.it\/#website"},"primaryImageOfPage":{"@id":"http:\/\/ambientecultura.it\/en\/alba-sotterranea-e-la-mostra-more-than-kids-di-valerio-berruti-in-fondazione-ferrero\/#primaryimage"},"image":{"@id":"http:\/\/ambientecultura.it\/en\/alba-sotterranea-e-la-mostra-more-than-kids-di-valerio-berruti-in-fondazione-ferrero\/#primaryimage"},"thumbnailUrl":"http:\/\/ambientecultura.it\/files\/2025\/04\/67625-1.jpg","datePublished":"2025-04-21T15:54:30+00:00","dateModified":"2025-04-21T15:54:33+00:00","description":"La Fondazione Ferrero di Alba presenta dal 4 aprile al 4 luglio 2025 la mostra \u201cMore than kids\u201d di Valerio Berruti. La personale, a cura di Nicolas","breadcrumb":{"@id":"http:\/\/ambientecultura.it\/en\/alba-sotterranea-e-la-mostra-more-than-kids-di-valerio-berruti-in-fondazione-ferrero\/#breadcrumb"},"inLanguage":"en-US","potentialAction":[{"@type":"ReadAction","target":["http:\/\/ambientecultura.it\/en\/alba-sotterranea-e-la-mostra-more-than-kids-di-valerio-berruti-in-fondazione-ferrero\/"]}]},{"@type":"ImageObject","inLanguage":"en-US","@id":"http:\/\/ambientecultura.it\/en\/alba-sotterranea-e-la-mostra-more-than-kids-di-valerio-berruti-in-fondazione-ferrero\/#primaryimage","url":"http:\/\/ambientecultura.it\/files\/2025\/04\/67625-1.jpg","contentUrl":"http:\/\/ambientecultura.it\/files\/2025\/04\/67625-1.jpg","width":600,"height":230},{"@type":"BreadcrumbList","@id":"http:\/\/ambientecultura.it\/en\/alba-sotterranea-e-la-mostra-more-than-kids-di-valerio-berruti-in-fondazione-ferrero\/#breadcrumb","itemListElement":[{"@type":"ListItem","position":1,"name":"Home","item":"http:\/\/ambientecultura.it\/en\/home-inglese\/"},{"@type":"ListItem","position":2,"name":"Alba Sotterranea e la mostra &#8220;More than kids&#8221; di Valerio Berruti in Fondazione &#8220;Ferrero&#8221;"}]},{"@type":"WebSite","@id":"http:\/\/ambientecultura.it\/#website","url":"http:\/\/ambientecultura.it\/","name":"Ambiente &amp; Cultura","description":"","potentialAction":[{"@type":"SearchAction","target":{"@type":"EntryPoint","urlTemplate":"http:\/\/ambientecultura.it\/?s={search_term_string}"},"query-input":{"@type":"PropertyValueSpecification","valueRequired":true,"valueName":"search_term_string"}}],"inLanguage":"en-US"}]}},"_links":{"self":[{"href":"http:\/\/ambientecultura.it\/en\/wp-json\/wp\/v2\/pages\/33430","targetHints":{"allow":["GET"]}}],"collection":[{"href":"http:\/\/ambientecultura.it\/en\/wp-json\/wp\/v2\/pages"}],"about":[{"href":"http:\/\/ambientecultura.it\/en\/wp-json\/wp\/v2\/types\/page"}],"author":[{"embeddable":true,"href":"http:\/\/ambientecultura.it\/en\/wp-json\/wp\/v2\/users\/75"}],"replies":[{"embeddable":true,"href":"http:\/\/ambientecultura.it\/en\/wp-json\/wp\/v2\/comments?post=33430"}],"version-history":[{"count":0,"href":"http:\/\/ambientecultura.it\/en\/wp-json\/wp\/v2\/pages\/33430\/revisions"}],"wp:featuredmedia":[{"embeddable":true,"href":"http:\/\/ambientecultura.it\/en\/wp-json\/wp\/v2\/media\/33432"}],"wp:attachment":[{"href":"http:\/\/ambientecultura.it\/en\/wp-json\/wp\/v2\/media?parent=33430"}],"curies":[{"name":"wp","href":"https:\/\/api.w.org\/{rel}","templated":true}]}}